{"id":27626,"date":"2026-02-27T15:51:01","date_gmt":"2026-02-27T15:51:01","guid":{"rendered":"https:\/\/oravawatches.com\/?post_type=product&#038;p=27626"},"modified":"2026-04-01T13:52:16","modified_gmt":"2026-04-01T13:52:16","slug":"orava-plongeuse-200m","status":"publish","type":"product","link":"https:\/\/oravawatches.com\/index.php\/product\/orava-plongeuse-200m\/","title":{"rendered":"Orava Plongeuse 200m"},"content":{"rendered":"<h3 data-start=\"112\" data-end=\"180\"><strong data-start=\"116\" data-end=\"180\">Montre de plong\u00e9e con\u00e7u pour durer<\/strong><\/h3>\n<p data-start=\"182\" data-end=\"343\">Il s&#8217;agit d&#8217;une pi\u00e8ce unique avec un magnifique cadran en carbone, <\/p>\n","protected":false},"excerpt":{"rendered":"<ul>\n<li>Boitier en acier inoxydable 316L bross\u00e9 et poli<\/li>\n<li>Diam\u00e8tre : 42mm, \u00e9paisseur : 15mm, 48mm de cornes \u00e0 cornes<\/li>\n<li>Verre saphir<\/li>\n<li>Bracelet Nato<\/li>\n<li>Etanche 20ATM<\/li>\n<li>Calibre TMI NH35<\/li>\n<li>R\u00e9serve de marche : 42h<\/li>\n<\/ul>\n<p><img decoding=\"async\" class=\"alignnone wp-image-27599 \" src=\"http:\/\/oravawatches.com\/wp-content\/uploads\/2026\/02\/garantie.jpg\" alt=\"\" width=\"278\" height=\"27\" \/><\/p>\n<p><img decoding=\"async\" class=\"alignnone wp-image-27600\" src=\"http:\/\/oravawatches.com\/wp-content\/uploads\/2026\/02\/quality_controle.jpg\" alt=\"\" width=\"161\" height=\"140\" \/><\/p>\n<p>En stock<\/p>\n","protected":false},"featured_media":27500,"comment_status":"open","ping_status":"closed","template":"","meta":[],"product_brand":[151],"product_cat":[154,166],"product_tag":[160,157,158],"class_list":{"0":"post-27626","1":"product","2":"type-product","3":"status-publish","4":"has-post-thumbnail","6":"product_brand-orava","7":"product_cat-homme","8":"product_cat-sur-mesure","9":"product_tag-316l","10":"product_tag-miyota-9015","11":"product_tag-montre","14":"first","15":"instock","16":"taxable","17":"shipping-taxable","18":"purchasable","19":"product-type-simple"},"_links":{"self":[{"href":"https:\/\/oravawatches.com\/index.php\/wp-json\/wp\/v2\/product\/27626","targetHints":{"allow":["GET"]}}],"collection":[{"href":"https:\/\/oravawatches.com\/index.php\/wp-json\/wp\/v2\/product"}],"about":[{"href":"https:\/\/oravawatches.com\/index.php\/wp-json\/wp\/v2\/types\/product"}],"replies":[{"embeddable":true,"href":"https:\/\/oravawatches.com\/index.php\/wp-json\/wp\/v2\/comments?post=27626"}],"wp:featuredmedia":[{"embeddable":true,"href":"https:\/\/oravawatches.com\/index.php\/wp-json\/wp\/v2\/media\/27500"}],"wp:attachment":[{"href":"https:\/\/oravawatches.com\/index.php\/wp-json\/wp\/v2\/media?parent=27626"}],"wp:term":[{"taxonomy":"product_brand","embeddable":true,"href":"https:\/\/oravawatches.com\/index.php\/wp-json\/wp\/v2\/product_brand?post=27626"},{"taxonomy":"product_cat","embeddable":true,"href":"https:\/\/oravawatches.com\/index.php\/wp-json\/wp\/v2\/product_cat?post=27626"},{"taxonomy":"product_tag","embeddable":true,"href":"https:\/\/oravawatches.com\/index.php\/wp-json\/wp\/v2\/product_tag?post=27626"}],"curies":[{"name":"wp","href":"https:\/\/api.w.org\/{rel}","templated":true}]}}