{"id":27614,"date":"2026-02-15T18:23:55","date_gmt":"2026-02-15T18:23:55","guid":{"rendered":"https:\/\/oravawatches.com\/?post_type=product&#038;p=27614"},"modified":"2026-04-01T07:00:04","modified_gmt":"2026-04-01T07:00:04","slug":"orava-9015-cuir-bleu-made-in-france","status":"publish","type":"product","link":"https:\/\/oravawatches.com\/index.php\/product\/orava-9015-cuir-bleu-made-in-france\/","title":{"rendered":"Orava 9015 Cuir Bleu Made-in-France"},"content":{"rendered":"<h3 data-start=\"112\" data-end=\"180\"><strong data-start=\"116\" data-end=\"180\"> L\u2019exigence du d\u00e9tail, la force du caract\u00e8re<\/strong><\/h3>\n<p data-start=\"182\" data-end=\"343\">Con\u00e7ue en France et pens\u00e9e pour les amateurs de belle m\u00e9canique, <strong data-start=\"247\" data-end=\"265\">Orava 9015 Model001<\/strong> incarne l\u2019\u00e9quilibre parfait entre design intemporel et performance horlog\u00e8re.<\/p>\n<p data-start=\"345\" data-end=\"621\">Son bo\u00eetier en acier inoxydable <strong data-start=\"377\" data-end=\"385\">316L<\/strong>, finement travaill\u00e9, prot\u00e8ge un cadran raffin\u00e9 sous un <strong data-start=\"441\" data-end=\"467\">verre saphir inrayable<\/strong>, garant d\u2019une lisibilit\u00e9 durable. En son c\u0153ur bat le <strong data-start=\"521\" data-end=\"565\">calibre automatique japonais Miyota 9015<\/strong>, reconnu pour sa fiabilit\u00e9, sa pr\u00e9cision et sa finesse.<\/p>\n<p data-start=\"623\" data-end=\"858\">\u00c9tanche jusqu\u2019\u00e0 <strong data-start=\"639\" data-end=\"653\">100 m\u00e8tres<\/strong>, cette Orava accompagne aussi bien les journ\u00e9es actives que les instants d\u2019exception. Disponible avec bracelet acier ou <strong data-start=\"777\" data-end=\"813\">bracelet cuir fabriqu\u00e9 en France<\/strong>, elle s\u2019adapte \u00e0 votre style avec distinction.<\/p>\n<p data-start=\"860\" data-end=\"1027\">Plus qu\u2019une montre, <strong data-start=\"880\" data-end=\"916\">Orava est une signature<\/strong> : celle de mat\u00e9riaux de qualit\u00e9, d\u2019un go\u00fbt pour l\u2019authenticit\u00e9, et d\u2019une passion pour l\u2019horlogerie moderne.<\/p>\n<p data-start=\"860\" data-end=\"1027\">Cette montre a \u00e9t\u00e9 con\u00e7u pour durer.<\/p>\n<p>&nbsp;<\/p>\n","protected":false},"excerpt":{"rendered":"<ul>\n<li>Boitier en acier inoxydable 316L bross\u00e9 et poli<\/li>\n<li>Diam\u00e8tre : 38mm, \u00e9paisseur : 10,3mm, 48mm de cornes \u00e0 cornes<\/li>\n<li>Verre saphir<\/li>\n<li>Bracelet cuir Made-in-France<\/li>\n<li>Etanche 10ATM<\/li>\n<li>Calibre Premium Automatique Miyota 9015<\/li>\n<li>R\u00e9serve de marche : 42h<\/li>\n<\/ul>\n<p><img decoding=\"async\" class=\"alignnone wp-image-27599 \" src=\"http:\/\/oravawatches.com\/wp-content\/uploads\/2026\/02\/garantie.jpg\" alt=\"\" width=\"278\" height=\"27\" \/><\/p>\n<p><img decoding=\"async\" class=\"alignnone wp-image-27600\" src=\"http:\/\/oravawatches.com\/wp-content\/uploads\/2026\/02\/quality_controle.jpg\" alt=\"\" width=\"161\" height=\"140\" \/><\/p>\n","protected":false},"featured_media":27457,"comment_status":"open","ping_status":"closed","template":"","meta":[],"product_brand":[151],"product_cat":[154],"product_tag":[160,157,158],"class_list":{"0":"post-27614","1":"product","2":"type-product","3":"status-publish","4":"has-post-thumbnail","6":"product_brand-orava","7":"product_cat-homme","8":"product_tag-316l","9":"product_tag-miyota-9015","10":"product_tag-montre","13":"first","14":"outofstock","15":"taxable","16":"shipping-taxable","17":"purchasable","18":"product-type-simple"},"_links":{"self":[{"href":"https:\/\/oravawatches.com\/index.php\/wp-json\/wp\/v2\/product\/27614","targetHints":{"allow":["GET"]}}],"collection":[{"href":"https:\/\/oravawatches.com\/index.php\/wp-json\/wp\/v2\/product"}],"about":[{"href":"https:\/\/oravawatches.com\/index.php\/wp-json\/wp\/v2\/types\/product"}],"replies":[{"embeddable":true,"href":"https:\/\/oravawatches.com\/index.php\/wp-json\/wp\/v2\/comments?post=27614"}],"wp:featuredmedia":[{"embeddable":true,"href":"https:\/\/oravawatches.com\/index.php\/wp-json\/wp\/v2\/media\/27457"}],"wp:attachment":[{"href":"https:\/\/oravawatches.com\/index.php\/wp-json\/wp\/v2\/media?parent=27614"}],"wp:term":[{"taxonomy":"product_brand","embeddable":true,"href":"https:\/\/oravawatches.com\/index.php\/wp-json\/wp\/v2\/product_brand?post=27614"},{"taxonomy":"product_cat","embeddable":true,"href":"https:\/\/oravawatches.com\/index.php\/wp-json\/wp\/v2\/product_cat?post=27614"},{"taxonomy":"product_tag","embeddable":true,"href":"https:\/\/oravawatches.com\/index.php\/wp-json\/wp\/v2\/product_tag?post=27614"}],"curies":[{"name":"wp","href":"https:\/\/api.w.org\/{rel}","templated":true}]}}